{"id":93,"date":"2016-03-23T12:06:50","date_gmt":"2016-03-23T12:06:50","guid":{"rendered":"http:\/\/tommustester.wpengine.com\/?page_id=93"},"modified":"2022-06-17T04:20:30","modified_gmt":"2022-06-17T10:20:30","slug":"petite-scene-produzioni-video","status":"publish","type":"page","link":"https:\/\/petitescene.com\/it\/","title":{"rendered":"Homepage"},"content":{"rendered":"<p>[vc_row full_width=&#8221;stretch_row&#8221;][vc_column]<div id=\"container\" class=\"clearfix no-margin\">\n\t\n<div class=\"element clearfix col-lg-4 col-md-6 col-sm-6 col-xs-12 home short-films videoclip\">\n\t<div class=\"margin-wrapper\"> \n\n\t\t<a class=\"simple-ajax-popup\" href=\"https:\/\/petitescene.com\/it\/portfolio\/lost-stone\/\">\n\t\t\n\t\t\t<figure class=\"images\"> \n\t\t\t\t<img width=\"600\" height=\"400\" src=\"https:\/\/petitescene.com\/wp-content\/uploads\/2026\/02\/pietraperduca_cover_05-600x400.jpg\" class=\"attachment-ebor-grid size-ebor-grid wp-post-image\" alt=\"\" loading=\"lazy\" \/>\t\t\t<\/figure>\n\t\t\t\n\t\t\t<div class=\"covering-image centered\">\n\t\t\t\t<div class=\"info-box-content\">\n\t\t\t\t\t<div class=\"parent\">\n\t\t\t\t\t\t<div class=\"child\">\n\t\t\t\t\t\t\t<h2>Pietra Perduca<\/h2><p class=\"uppercase\">Cortometraggio, Videoclip<\/p>\t\t\t\t\t\t<\/div>\n\t\t\t\t\t<\/div>\n\t\t\t\t<\/div>\n\t\t\t<\/div>\n\t\t\n\t\t<\/a> \n\t\t\n\t<\/div>\n<\/div>\n<div class=\"element clearfix col-lg-4 col-md-6 col-sm-6 col-xs-12 home social\">\n\t<div class=\"margin-wrapper\"> \n\n\t\t<a class=\"simple-ajax-popup\" href=\"https:\/\/petitescene.com\/it\/portfolio\/venice-in-a-day\/\">\n\t\t\n\t\t\t<figure class=\"images\"> \n\t\t\t\t<img width=\"600\" height=\"400\" src=\"https:\/\/petitescene.com\/wp-content\/uploads\/2026\/02\/maxresdefault-600x400.jpg\" class=\"attachment-ebor-grid size-ebor-grid wp-post-image\" alt=\"\" loading=\"lazy\" \/>\t\t\t<\/figure>\n\t\t\t\n\t\t\t<div class=\"covering-image centered\">\n\t\t\t\t<div class=\"info-box-content\">\n\t\t\t\t\t<div class=\"parent\">\n\t\t\t\t\t\t<div class=\"child\">\n\t\t\t\t\t\t\t<h2>Venice in a Day<\/h2><p class=\"uppercase\">Social<\/p>\t\t\t\t\t\t<\/div>\n\t\t\t\t\t<\/div>\n\t\t\t\t<\/div>\n\t\t\t<\/div>\n\t\t\n\t\t<\/a> \n\t\t\n\t<\/div>\n<\/div>\n<div class=\"element clearfix col-lg-4 col-md-6 col-sm-6 col-xs-12 home documentary docu-interview\">\n\t<div class=\"margin-wrapper\"> \n\n\t\t<a class=\"simple-ajax-popup\" href=\"https:\/\/petitescene.com\/it\/portfolio\/a-barca-project\/\">\n\t\t\n\t\t\t<figure class=\"images\"> \n\t\t\t\t<img width=\"600\" height=\"400\" src=\"https:\/\/petitescene.com\/wp-content\/uploads\/2024\/01\/a-barca-pescatore-600x400.jpg\" class=\"attachment-ebor-grid size-ebor-grid wp-post-image\" alt=\"\" loading=\"lazy\" \/>\t\t\t<\/figure>\n\t\t\t\n\t\t\t<div class=\"covering-image centered\">\n\t\t\t\t<div class=\"info-box-content\">\n\t\t\t\t\t<div class=\"parent\">\n\t\t\t\t\t\t<div class=\"child\">\n\t\t\t\t\t\t\t<h2>A Barca Project<\/h2><p class=\"uppercase\">Documentario, Docu-Interview<\/p>\t\t\t\t\t\t<\/div>\n\t\t\t\t\t<\/div>\n\t\t\t\t<\/div>\n\t\t\t<\/div>\n\t\t\n\t\t<\/a> \n\t\t\n\t<\/div>\n<\/div>\n<div class=\"element clearfix col-lg-4 col-md-6 col-sm-6 col-xs-12 home documentary docu-interview\">\n\t<div class=\"margin-wrapper\"> \n\n\t\t<a class=\"simple-ajax-popup\" href=\"https:\/\/petitescene.com\/it\/portfolio\/ex-conventi-san-cristoforo-e-san-domenico-a-lodi\/\">\n\t\t\n\t\t\t<figure class=\"images\"> \n\t\t\t\t<img width=\"600\" height=\"400\" src=\"https:\/\/petitescene.com\/wp-content\/uploads\/2023\/02\/convento_san_cristoforo_lodi-600x400.jpg\" class=\"attachment-ebor-grid size-ebor-grid wp-post-image\" alt=\"\" loading=\"lazy\" \/>\t\t\t<\/figure>\n\t\t\t\n\t\t\t<div class=\"covering-image centered\">\n\t\t\t\t<div class=\"info-box-content\">\n\t\t\t\t\t<div class=\"parent\">\n\t\t\t\t\t\t<div class=\"child\">\n\t\t\t\t\t\t\t<h2>Ex Conventi | Provincia Lodi<\/h2><p class=\"uppercase\">Documentario, Docu-Interview<\/p>\t\t\t\t\t\t<\/div>\n\t\t\t\t\t<\/div>\n\t\t\t\t<\/div>\n\t\t\t<\/div>\n\t\t\n\t\t<\/a> \n\t\t\n\t<\/div>\n<\/div>\n<div class=\"element clearfix col-lg-4 col-md-6 col-sm-6 col-xs-12 home docu-interview\">\n\t<div class=\"margin-wrapper\"> \n\n\t\t<a class=\"simple-ajax-popup\" href=\"https:\/\/petitescene.com\/it\/portfolio\/josko-gravner-winery\/\">\n\t\t\n\t\t\t<figure class=\"images\"> \n\t\t\t\t<img width=\"600\" height=\"400\" src=\"https:\/\/petitescene.com\/wp-content\/uploads\/2021\/10\/gravner-cover02-600x400.jpg\" class=\"attachment-ebor-grid size-ebor-grid wp-post-image\" alt=\"Gravner Winery Cantina\" loading=\"lazy\" \/>\t\t\t<\/figure>\n\t\t\t\n\t\t\t<div class=\"covering-image centered\">\n\t\t\t\t<div class=\"info-box-content\">\n\t\t\t\t\t<div class=\"parent\">\n\t\t\t\t\t\t<div class=\"child\">\n\t\t\t\t\t\t\t<h2>Cantina Josko Gravner<\/h2><p class=\"uppercase\">Docu-Interview<\/p>\t\t\t\t\t\t<\/div>\n\t\t\t\t\t<\/div>\n\t\t\t\t<\/div>\n\t\t\t<\/div>\n\t\t\n\t\t<\/a> \n\t\t\n\t<\/div>\n<\/div>\n<div class=\"element clearfix col-lg-4 col-md-6 col-sm-6 col-xs-12 home food reel\">\n\t<div class=\"margin-wrapper\"> \n\n\t\t<a class=\"simple-ajax-popup\" href=\"https:\/\/petitescene.com\/it\/portfolio\/reel-2016\/\">\n\t\t\n\t\t\t<figure class=\"images\"> \n\t\t\t\t<img width=\"600\" height=\"400\" src=\"https:\/\/petitescene.com\/wp-content\/uploads\/2012\/09\/pane-600x400.jpg\" class=\"attachment-ebor-grid size-ebor-grid wp-post-image\" alt=\"Food Showreel\" loading=\"lazy\" \/>\t\t\t<\/figure>\n\t\t\t\n\t\t\t<div class=\"covering-image centered\">\n\t\t\t\t<div class=\"info-box-content\">\n\t\t\t\t\t<div class=\"parent\">\n\t\t\t\t\t\t<div class=\"child\">\n\t\t\t\t\t\t\t<h2>Food Showreel<\/h2><p class=\"uppercase\">Food, Showreel<\/p>\t\t\t\t\t\t<\/div>\n\t\t\t\t\t<\/div>\n\t\t\t\t<\/div>\n\t\t\t<\/div>\n\t\t\n\t\t<\/a> \n\t\t\n\t<\/div>\n<\/div>\n<div class=\"element clearfix col-lg-4 col-md-6 col-sm-6 col-xs-12 home fashion\">\n\t<div class=\"margin-wrapper\"> \n\n\t\t<a class=\"simple-ajax-popup\" href=\"https:\/\/petitescene.com\/it\/portfolio\/wedding-dresses\/\">\n\t\t\n\t\t\t<figure class=\"images\"> \n\t\t\t\t<img width=\"600\" height=\"400\" src=\"https:\/\/petitescene.com\/wp-content\/uploads\/2022\/06\/muses-finestra0-fx-600x400.jpg\" class=\"attachment-ebor-grid size-ebor-grid wp-post-image\" alt=\"Abiti da sposa\" loading=\"lazy\" srcset=\"https:\/\/petitescene.com\/wp-content\/uploads\/2022\/06\/muses-finestra0-fx-600x400.jpg 600w, https:\/\/petitescene.com\/wp-content\/uploads\/2022\/06\/muses-finestra0-fx-300x200.jpg 300w, https:\/\/petitescene.com\/wp-content\/uploads\/2022\/06\/muses-finestra0-fx-768x512.jpg 768w, https:\/\/petitescene.com\/wp-content\/uploads\/2022\/06\/muses-finestra0-fx-1024x683.jpg 1024w, https:\/\/petitescene.com\/wp-content\/uploads\/2022\/06\/muses-finestra0-fx.jpg 1191w\" sizes=\"(max-width: 600px) 100vw, 600px\" \/>\t\t\t<\/figure>\n\t\t\t\n\t\t\t<div class=\"covering-image centered\">\n\t\t\t\t<div class=\"info-box-content\">\n\t\t\t\t\t<div class=\"parent\">\n\t\t\t\t\t\t<div class=\"child\">\n\t\t\t\t\t\t\t<h2>Abiti da sposa in scena<\/h2><p class=\"uppercase\">Moda<\/p>\t\t\t\t\t\t<\/div>\n\t\t\t\t\t<\/div>\n\t\t\t\t<\/div>\n\t\t\t<\/div>\n\t\t\n\t\t<\/a> \n\t\t\n\t<\/div>\n<\/div>\n<div class=\"element clearfix col-lg-4 col-md-6 col-sm-6 col-xs-12 home documentary docu-interview\">\n\t<div class=\"margin-wrapper\"> \n\n\t\t<a class=\"simple-ajax-popup\" href=\"https:\/\/petitescene.com\/it\/portfolio\/hernan-cortes-chapter-ii\/\">\n\t\t\n\t\t\t<figure class=\"images\"> \n\t\t\t\t<img width=\"600\" height=\"400\" src=\"https:\/\/petitescene.com\/wp-content\/uploads\/2019\/06\/hernan_cortes_CAP02-cover2-600x400.jpg\" class=\"attachment-ebor-grid size-ebor-grid wp-post-image\" alt=\"Hernan Cortes Documentario\" loading=\"lazy\" \/>\t\t\t<\/figure>\n\t\t\t\n\t\t\t<div class=\"covering-image centered\">\n\t\t\t\t<div class=\"info-box-content\">\n\t\t\t\t\t<div class=\"parent\">\n\t\t\t\t\t\t<div class=\"child\">\n\t\t\t\t\t\t\t<h2>Hern\u00e1n Cort\u00e9s | Capitolo II<\/h2><p class=\"uppercase\">Documentario, Docu-Interview<\/p>\t\t\t\t\t\t<\/div>\n\t\t\t\t\t<\/div>\n\t\t\t\t<\/div>\n\t\t\t<\/div>\n\t\t\n\t\t<\/a> \n\t\t\n\t<\/div>\n<\/div>\n<div class=\"element clearfix col-lg-4 col-md-6 col-sm-6 col-xs-12 home food\">\n\t<div class=\"margin-wrapper\"> \n\n\t\t<a class=\"simple-ajax-popup\" href=\"https:\/\/petitescene.com\/it\/portfolio\/mole-de-olla\/\">\n\t\t\n\t\t\t<figure class=\"images\"> \n\t\t\t\t<img width=\"600\" height=\"400\" src=\"https:\/\/petitescene.com\/wp-content\/uploads\/2018\/11\/mole-olla-coladora-e-mestolo-600x400.jpg\" class=\"attachment-ebor-grid size-ebor-grid wp-post-image\" alt=\"Mole de Olla Monica Patino\" loading=\"lazy\" \/>\t\t\t<\/figure>\n\t\t\t\n\t\t\t<div class=\"covering-image centered\">\n\t\t\t\t<div class=\"info-box-content\">\n\t\t\t\t\t<div class=\"parent\">\n\t\t\t\t\t\t<div class=\"child\">\n\t\t\t\t\t\t\t<h2>Mole de Olla<\/h2><p class=\"uppercase\">Food<\/p>\t\t\t\t\t\t<\/div>\n\t\t\t\t\t<\/div>\n\t\t\t\t<\/div>\n\t\t\t<\/div>\n\t\t\n\t\t<\/a> \n\t\t\n\t<\/div>\n<\/div>\n<div class=\"element clearfix col-lg-4 col-md-6 col-sm-6 col-xs-12 home docu-interview\">\n\t<div class=\"margin-wrapper\"> \n\n\t\t<a class=\"simple-ajax-popup\" href=\"https:\/\/petitescene.com\/it\/portfolio\/duemani-winery\/\">\n\t\t\n\t\t\t<figure class=\"images\"> \n\t\t\t\t<img width=\"600\" height=\"400\" src=\"https:\/\/petitescene.com\/wp-content\/uploads\/2018\/06\/DUEMANI-COVER03-600x400.jpg\" class=\"attachment-ebor-grid size-ebor-grid wp-post-image\" alt=\"Duemani Winery Cantina\" loading=\"lazy\" \/>\t\t\t<\/figure>\n\t\t\t\n\t\t\t<div class=\"covering-image centered\">\n\t\t\t\t<div class=\"info-box-content\">\n\t\t\t\t\t<div class=\"parent\">\n\t\t\t\t\t\t<div class=\"child\">\n\t\t\t\t\t\t\t<h2>Cantina Duemani<\/h2><p class=\"uppercase\">Docu-Interview<\/p>\t\t\t\t\t\t<\/div>\n\t\t\t\t\t<\/div>\n\t\t\t\t<\/div>\n\t\t\t<\/div>\n\t\t\n\t\t<\/a> \n\t\t\n\t<\/div>\n<\/div>\n<div class=\"element clearfix col-lg-4 col-md-6 col-sm-6 col-xs-12 home documentary docu-interview\">\n\t<div class=\"margin-wrapper\"> \n\n\t\t<a class=\"simple-ajax-popup\" href=\"https:\/\/petitescene.com\/it\/portfolio\/hernan-cortes-hero-or-traitor-chapter-i\/\">\n\t\t\n\t\t\t<figure class=\"images\"> \n\t\t\t\t<img width=\"600\" height=\"400\" src=\"https:\/\/petitescene.com\/wp-content\/uploads\/2018\/06\/hernan_cortes_CAP01-cover2-600x400.jpg\" class=\"attachment-ebor-grid size-ebor-grid wp-post-image\" alt=\"Hernan Cortes Documentario\" loading=\"lazy\" \/>\t\t\t<\/figure>\n\t\t\t\n\t\t\t<div class=\"covering-image centered\">\n\t\t\t\t<div class=\"info-box-content\">\n\t\t\t\t\t<div class=\"parent\">\n\t\t\t\t\t\t<div class=\"child\">\n\t\t\t\t\t\t\t<h2>Hern\u00e1n Cort\u00e9s | Capitolo I<\/h2><p class=\"uppercase\">Documentario, Docu-Interview<\/p>\t\t\t\t\t\t<\/div>\n\t\t\t\t\t<\/div>\n\t\t\t\t<\/div>\n\t\t\t<\/div>\n\t\t\n\t\t<\/a> \n\t\t\n\t<\/div>\n<\/div>\n<div class=\"element clearfix col-lg-4 col-md-6 col-sm-6 col-xs-12 home fashion\">\n\t<div class=\"margin-wrapper\"> \n\n\t\t<a class=\"simple-ajax-popup\" href=\"https:\/\/petitescene.com\/it\/portfolio\/single-project-3\/\">\n\t\t\n\t\t\t<figure class=\"images\"> \n\t\t\t\t<img width=\"600\" height=\"400\" src=\"https:\/\/petitescene.com\/wp-content\/uploads\/2018\/06\/lo-fassi-2-600x400.jpg\" class=\"attachment-ebor-grid size-ebor-grid wp-post-image\" alt=\"Lo Fassi Fashion\" loading=\"lazy\" \/>\t\t\t<\/figure>\n\t\t\t\n\t\t\t<div class=\"covering-image centered\">\n\t\t\t\t<div class=\"info-box-content\">\n\t\t\t\t\t<div class=\"parent\">\n\t\t\t\t\t\t<div class=\"child\">\n\t\t\t\t\t\t\t<h2>LO&#8217; FASSI<\/h2><p class=\"uppercase\">Moda<\/p>\t\t\t\t\t\t<\/div>\n\t\t\t\t\t<\/div>\n\t\t\t\t<\/div>\n\t\t\t<\/div>\n\t\t\n\t\t<\/a> \n\t\t\n\t<\/div>\n<\/div>\n<div class=\"element clearfix col-lg-4 col-md-6 col-sm-6 col-xs-12 home commercial food\">\n\t<div class=\"margin-wrapper\"> \n\n\t\t<a class=\"simple-ajax-popup\" href=\"https:\/\/petitescene.com\/it\/portfolio\/chorizo-empanada\/\">\n\t\t\n\t\t\t<figure class=\"images\"> \n\t\t\t\t<img width=\"600\" height=\"400\" src=\"https:\/\/petitescene.com\/wp-content\/uploads\/2018\/09\/emapanada-chorizo-morso-fx-600x400.jpg\" class=\"attachment-ebor-grid size-ebor-grid wp-post-image\" alt=\"Emapanada Chorizo Bite\" loading=\"lazy\" \/>\t\t\t<\/figure>\n\t\t\t\n\t\t\t<div class=\"covering-image centered\">\n\t\t\t\t<div class=\"info-box-content\">\n\t\t\t\t\t<div class=\"parent\">\n\t\t\t\t\t\t<div class=\"child\">\n\t\t\t\t\t\t\t<h2>Impanata di chorizo<\/h2><p class=\"uppercase\">Spot, Food<\/p>\t\t\t\t\t\t<\/div>\n\t\t\t\t\t<\/div>\n\t\t\t\t<\/div>\n\t\t\t<\/div>\n\t\t\n\t\t<\/a> \n\t\t\n\t<\/div>\n<\/div>\n<div class=\"element clearfix col-lg-4 col-md-6 col-sm-6 col-xs-12 home docu-interview\">\n\t<div class=\"margin-wrapper\"> \n\n\t\t<a class=\"simple-ajax-popup\" href=\"https:\/\/petitescene.com\/it\/portfolio\/ecosur-crowdfunding\/\">\n\t\t\n\t\t\t<figure class=\"images\"> \n\t\t\t\t<img width=\"600\" height=\"400\" src=\"https:\/\/petitescene.com\/wp-content\/uploads\/2017\/02\/mendoza_argentina-600x400.jpg\" class=\"attachment-ebor-grid size-ebor-grid wp-post-image\" alt=\"\" loading=\"lazy\" \/>\t\t\t<\/figure>\n\t\t\t\n\t\t\t<div class=\"covering-image centered\">\n\t\t\t\t<div class=\"info-box-content\">\n\t\t\t\t\t<div class=\"parent\">\n\t\t\t\t\t\t<div class=\"child\">\n\t\t\t\t\t\t\t<h2>Ecosur  |  Crowdfunding<\/h2><p class=\"uppercase\">Docu-Interview<\/p>\t\t\t\t\t\t<\/div>\n\t\t\t\t\t<\/div>\n\t\t\t\t<\/div>\n\t\t\t<\/div>\n\t\t\n\t\t<\/a> \n\t\t\n\t<\/div>\n<\/div>\n<div class=\"element clearfix col-lg-4 col-md-6 col-sm-6 col-xs-12 home food\">\n\t<div class=\"margin-wrapper\"> \n\n\t\t<a class=\"simple-ajax-popup\" href=\"https:\/\/petitescene.com\/it\/portfolio\/single-project-6\/\">\n\t\t\n\t\t\t<figure class=\"images\"> \n\t\t\t\t<img width=\"600\" height=\"400\" src=\"https:\/\/petitescene.com\/wp-content\/uploads\/2016\/03\/jamon-serrano-fx-600x400.jpg\" class=\"attachment-ebor-grid size-ebor-grid wp-post-image\" alt=\"Jamon Serrano Tangamanga\" loading=\"lazy\" \/>\t\t\t<\/figure>\n\t\t\t\n\t\t\t<div class=\"covering-image centered\">\n\t\t\t\t<div class=\"info-box-content\">\n\t\t\t\t\t<div class=\"parent\">\n\t\t\t\t\t\t<div class=\"child\">\n\t\t\t\t\t\t\t<h2>Pata Negra 5J<\/h2><p class=\"uppercase\">Food<\/p>\t\t\t\t\t\t<\/div>\n\t\t\t\t\t<\/div>\n\t\t\t\t<\/div>\n\t\t\t<\/div>\n\t\t\n\t\t<\/a> \n\t\t\n\t<\/div>\n<\/div>\n<div class=\"element clearfix col-lg-4 col-md-6 col-sm-6 col-xs-12 home food\">\n\t<div class=\"margin-wrapper\"> \n\n\t\t<a class=\"simple-ajax-popup\" href=\"https:\/\/petitescene.com\/it\/portfolio\/single-project-4\/\">\n\t\t\n\t\t\t<figure class=\"images\"> \n\t\t\t\t<img width=\"600\" height=\"400\" src=\"https:\/\/petitescene.com\/wp-content\/uploads\/2016\/03\/blossom-600x400.jpg\" class=\"attachment-ebor-grid size-ebor-grid wp-post-image\" alt=\"Blossom Restaurant\" loading=\"lazy\" \/>\t\t\t<\/figure>\n\t\t\t\n\t\t\t<div class=\"covering-image centered\">\n\t\t\t\t<div class=\"info-box-content\">\n\t\t\t\t\t<div class=\"parent\">\n\t\t\t\t\t\t<div class=\"child\">\n\t\t\t\t\t\t\t<h2>Blossom<\/h2><p class=\"uppercase\">Food<\/p>\t\t\t\t\t\t<\/div>\n\t\t\t\t\t<\/div>\n\t\t\t\t<\/div>\n\t\t\t<\/div>\n\t\t\n\t\t<\/a> \n\t\t\n\t<\/div>\n<\/div>\n<div class=\"element clearfix col-lg-4 col-md-6 col-sm-6 col-xs-12 home documentary\">\n\t<div class=\"margin-wrapper\"> \n\n\t\t<a class=\"simple-ajax-popup\" href=\"https:\/\/petitescene.com\/it\/portfolio\/single-project-11\/\">\n\t\t\n\t\t\t<figure class=\"images\"> \n\t\t\t\t<img width=\"600\" height=\"400\" src=\"https:\/\/petitescene.com\/wp-content\/uploads\/2016\/03\/costa-rica-flag-fx-600x400.jpg\" class=\"attachment-ebor-grid size-ebor-grid wp-post-image\" alt=\"Costa Rica Ecotourism Documentary\" loading=\"lazy\" \/>\t\t\t<\/figure>\n\t\t\t\n\t\t\t<div class=\"covering-image centered\">\n\t\t\t\t<div class=\"info-box-content\">\n\t\t\t\t\t<div class=\"parent\">\n\t\t\t\t\t\t<div class=\"child\">\n\t\t\t\t\t\t\t<h2>Costa Rica<\/h2><p class=\"uppercase\">Documentario<\/p>\t\t\t\t\t\t<\/div>\n\t\t\t\t\t<\/div>\n\t\t\t\t<\/div>\n\t\t\t<\/div>\n\t\t\n\t\t<\/a> \n\t\t\n\t<\/div>\n<\/div>\n<div class=\"element clearfix col-lg-4 col-md-6 col-sm-6 col-xs-12 home food tabletop\">\n\t<div class=\"margin-wrapper\"> \n\n\t\t<a class=\"simple-ajax-popup\" href=\"https:\/\/petitescene.com\/it\/portfolio\/steamed-tacos\/\">\n\t\t\n\t\t\t<figure class=\"images\"> \n\t\t\t\t<img width=\"600\" height=\"400\" src=\"https:\/\/petitescene.com\/wp-content\/uploads\/2017\/02\/tacos_canasta_steamed-600x400.jpg\" class=\"attachment-ebor-grid size-ebor-grid wp-post-image\" alt=\"Tacos Canasta Steamed Vapore\" loading=\"lazy\" \/>\t\t\t<\/figure>\n\t\t\t\n\t\t\t<div class=\"covering-image centered\">\n\t\t\t\t<div class=\"info-box-content\">\n\t\t\t\t\t<div class=\"parent\">\n\t\t\t\t\t\t<div class=\"child\">\n\t\t\t\t\t\t\t<h2>Tacos al vapore<\/h2><p class=\"uppercase\">Food, Table Top<\/p>\t\t\t\t\t\t<\/div>\n\t\t\t\t\t<\/div>\n\t\t\t\t<\/div>\n\t\t\t<\/div>\n\t\t\n\t\t<\/a> \n\t\t\n\t<\/div>\n<\/div>\n<div class=\"element clearfix col-lg-4 col-md-6 col-sm-6 col-xs-12 home commercial food\">\n\t<div class=\"margin-wrapper\"> \n\n\t\t<a class=\"simple-ajax-popup\" href=\"https:\/\/petitescene.com\/it\/portfolio\/carino\/\">\n\t\t\n\t\t\t<figure class=\"images\"> \n\t\t\t\t<img width=\"600\" height=\"400\" src=\"https:\/\/petitescene.com\/wp-content\/uploads\/2018\/09\/carino-inca-top-fx-1-600x400.jpg\" class=\"attachment-ebor-grid size-ebor-grid wp-post-image\" alt=\"Carino Inca Tacos\" loading=\"lazy\" \/>\t\t\t<\/figure>\n\t\t\t\n\t\t\t<div class=\"covering-image centered\">\n\t\t\t\t<div class=\"info-box-content\">\n\t\t\t\t\t<div class=\"parent\">\n\t\t\t\t\t\t<div class=\"child\">\n\t\t\t\t\t\t\t<h2>Cari\u00f1o<\/h2><p class=\"uppercase\">Spot, Food<\/p>\t\t\t\t\t\t<\/div>\n\t\t\t\t\t<\/div>\n\t\t\t\t<\/div>\n\t\t\t<\/div>\n\t\t\n\t\t<\/a> \n\t\t\n\t<\/div>\n<\/div>\n<div class=\"element clearfix col-lg-4 col-md-6 col-sm-6 col-xs-12 home videoclip\">\n\t<div class=\"margin-wrapper\"> \n\n\t\t<a class=\"simple-ajax-popup\" href=\"https:\/\/petitescene.com\/it\/portfolio\/single-project-5\/\">\n\t\t\n\t\t\t<figure class=\"images\"> \n\t\t\t\t<img width=\"600\" height=\"400\" src=\"https:\/\/petitescene.com\/wp-content\/uploads\/2016\/03\/dance-dark-fx-600x400.jpg\" class=\"attachment-ebor-grid size-ebor-grid wp-post-image\" alt=\"Dance Dark Videoclip Experimental Video\" loading=\"lazy\" \/>\t\t\t<\/figure>\n\t\t\t\n\t\t\t<div class=\"covering-image centered\">\n\t\t\t\t<div class=\"info-box-content\">\n\t\t\t\t\t<div class=\"parent\">\n\t\t\t\t\t\t<div class=\"child\">\n\t\t\t\t\t\t\t<h2>Dance Dark<\/h2><p class=\"uppercase\">Videoclip<\/p>\t\t\t\t\t\t<\/div>\n\t\t\t\t\t<\/div>\n\t\t\t\t<\/div>\n\t\t\t<\/div>\n\t\t\n\t\t<\/a> \n\t\t\n\t<\/div>\n<\/div><\/div>[\/vc_column][\/vc_row]<\/p>\n","protected":false},"excerpt":{"rendered":"<p>[vc_row full_width=&#8221;stretch_row&#8221;][vc_column][\/vc_column][\/vc_row]<\/p>\n","protected":false},"author":3,"featured_media":4942,"parent":0,"menu_order":0,"comment_status":"closed","ping_status":"closed","template":"","meta":{"_monsterinsights_skip_tracking":null,"_monsterinsights_sitenote_active":null,"_monsterinsights_sitenote_note":null,"_monsterinsights_sitenote_category":null},"yoast_head":"<!-- This site is optimized with the Yoast SEO plugin v19.1 - https:\/\/yoast.com\/wordpress\/plugins\/seo\/ -->\n<title>Homepage - Petite Sc\u00e8ne<\/title>\n<meta name=\"description\" content=\"Petite Sc\u00e8ne - Produzioni Video \u00e8 un progetto che ti segue e ti aiuta nella tua comunicazione audiovisiva.\" \/>\n<meta name=\"robots\" content=\"index, follow, max-snippet:-1, max-image-preview:large, max-video-preview:-1\" \/>\n<link rel=\"canonical\" href=\"https:\/\/petitescene.com\/\" \/>\n<meta property=\"og:locale\" content=\"it_IT\" \/>\n<meta property=\"og:type\" content=\"article\" \/>\n<meta property=\"og:title\" content=\"Petite Sc\u00e8ne - Video Productions\" \/>\n<meta property=\"og:description\" content=\"Un progetto che ti segue e ti aiuta nella tua comunicazione audiovisiva.\" \/>\n<meta property=\"og:url\" content=\"https:\/\/petitescene.com\/\" \/>\n<meta property=\"og:site_name\" content=\"Petite Sc\u00e8ne\" \/>\n<meta property=\"article:modified_time\" content=\"2022-06-17T10:20:30+00:00\" \/>\n<meta property=\"og:image\" content=\"https:\/\/petitescene.com\/wp-content\/uploads\/2022\/06\/PTSN_LOGO2020_opacity80_whitebg_300ppi-rettangoloADDLANCE.png\" \/>\n\t<meta property=\"og:image:width\" content=\"3085\" \/>\n\t<meta property=\"og:image:height\" content=\"3266\" \/>\n\t<meta property=\"og:image:type\" content=\"image\/png\" \/>\n<meta name=\"twitter:card\" content=\"summary\" \/>\n<meta name=\"twitter:label1\" content=\"Tempo di lettura stimato\" \/>\n\t<meta name=\"twitter:data1\" content=\"1 minuto\" \/>\n<script type=\"application\/ld+json\" class=\"yoast-schema-graph\">{\"@context\":\"https:\/\/schema.org\",\"@graph\":[{\"@type\":\"WebSite\",\"@id\":\"https:\/\/petitescene.com\/#website\",\"url\":\"https:\/\/petitescene.com\/\",\"name\":\"Petite Sc\u00e8ne\",\"description\":\"Produzioni video\",\"potentialAction\":[{\"@type\":\"SearchAction\",\"target\":{\"@type\":\"EntryPoint\",\"urlTemplate\":\"https:\/\/petitescene.com\/?s={search_term_string}\"},\"query-input\":\"required name=search_term_string\"}],\"inLanguage\":\"it-IT\"},{\"@type\":\"ImageObject\",\"inLanguage\":\"it-IT\",\"@id\":\"https:\/\/petitescene.com\/#primaryimage\",\"url\":\"https:\/\/petitescene.com\/wp-content\/uploads\/2022\/06\/PTSN_LOGO2020_opacity80_whitebg_300ppi-rettangoloADDLANCE.png\",\"contentUrl\":\"https:\/\/petitescene.com\/wp-content\/uploads\/2022\/06\/PTSN_LOGO2020_opacity80_whitebg_300ppi-rettangoloADDLANCE.png\",\"width\":3085,\"height\":3266},{\"@type\":\"WebPage\",\"@id\":\"https:\/\/petitescene.com\/#webpage\",\"url\":\"https:\/\/petitescene.com\/\",\"name\":\"Homepage - Petite Sc\u00e8ne\",\"isPartOf\":{\"@id\":\"https:\/\/petitescene.com\/#website\"},\"primaryImageOfPage\":{\"@id\":\"https:\/\/petitescene.com\/#primaryimage\"},\"datePublished\":\"2016-03-23T12:06:50+00:00\",\"dateModified\":\"2022-06-17T10:20:30+00:00\",\"description\":\"Petite Sc\u00e8ne - Produzioni Video \u00e8 un progetto che ti segue e ti aiuta nella tua comunicazione audiovisiva.\",\"breadcrumb\":{\"@id\":\"https:\/\/petitescene.com\/#breadcrumb\"},\"inLanguage\":\"it-IT\",\"potentialAction\":[{\"@type\":\"ReadAction\",\"target\":[\"https:\/\/petitescene.com\/\"]}]},{\"@type\":\"BreadcrumbList\",\"@id\":\"https:\/\/petitescene.com\/#breadcrumb\",\"itemListElement\":[{\"@type\":\"ListItem\",\"position\":1,\"name\":\"Home\",\"item\":\"https:\/\/petitescene.com\/\"},{\"@type\":\"ListItem\",\"position\":2,\"name\":\"Homepage\"}]}]}<\/script>\n<!-- \/ Yoast SEO plugin. -->","yoast_head_json":{"title":"Homepage - Petite Sc\u00e8ne","description":"Petite Sc\u00e8ne - Produzioni Video \u00e8 un progetto che ti segue e ti aiuta nella tua comunicazione audiovisiva.","robots":{"index":"index","follow":"follow","max-snippet":"max-snippet:-1","max-image-preview":"max-image-preview:large","max-video-preview":"max-video-preview:-1"},"canonical":"https:\/\/petitescene.com\/","og_locale":"it_IT","og_type":"article","og_title":"Petite Sc\u00e8ne - Video Productions","og_description":"Un progetto che ti segue e ti aiuta nella tua comunicazione audiovisiva.","og_url":"https:\/\/petitescene.com\/","og_site_name":"Petite Sc\u00e8ne","article_modified_time":"2022-06-17T10:20:30+00:00","og_image":[{"width":3085,"height":3266,"url":"https:\/\/petitescene.com\/wp-content\/uploads\/2022\/06\/PTSN_LOGO2020_opacity80_whitebg_300ppi-rettangoloADDLANCE.png","type":"image\/png"}],"twitter_card":"summary","twitter_misc":{"Tempo di lettura stimato":"1 minuto"},"schema":{"@context":"https:\/\/schema.org","@graph":[{"@type":"WebSite","@id":"https:\/\/petitescene.com\/#website","url":"https:\/\/petitescene.com\/","name":"Petite Sc\u00e8ne","description":"Produzioni video","potentialAction":[{"@type":"SearchAction","target":{"@type":"EntryPoint","urlTemplate":"https:\/\/petitescene.com\/?s={search_term_string}"},"query-input":"required name=search_term_string"}],"inLanguage":"it-IT"},{"@type":"ImageObject","inLanguage":"it-IT","@id":"https:\/\/petitescene.com\/#primaryimage","url":"https:\/\/petitescene.com\/wp-content\/uploads\/2022\/06\/PTSN_LOGO2020_opacity80_whitebg_300ppi-rettangoloADDLANCE.png","contentUrl":"https:\/\/petitescene.com\/wp-content\/uploads\/2022\/06\/PTSN_LOGO2020_opacity80_whitebg_300ppi-rettangoloADDLANCE.png","width":3085,"height":3266},{"@type":"WebPage","@id":"https:\/\/petitescene.com\/#webpage","url":"https:\/\/petitescene.com\/","name":"Homepage - Petite Sc\u00e8ne","isPartOf":{"@id":"https:\/\/petitescene.com\/#website"},"primaryImageOfPage":{"@id":"https:\/\/petitescene.com\/#primaryimage"},"datePublished":"2016-03-23T12:06:50+00:00","dateModified":"2022-06-17T10:20:30+00:00","description":"Petite Sc\u00e8ne - Produzioni Video \u00e8 un progetto che ti segue e ti aiuta nella tua comunicazione audiovisiva.","breadcrumb":{"@id":"https:\/\/petitescene.com\/#breadcrumb"},"inLanguage":"it-IT","potentialAction":[{"@type":"ReadAction","target":["https:\/\/petitescene.com\/"]}]},{"@type":"BreadcrumbList","@id":"https:\/\/petitescene.com\/#breadcrumb","itemListElement":[{"@type":"ListItem","position":1,"name":"Home","item":"https:\/\/petitescene.com\/"},{"@type":"ListItem","position":2,"name":"Homepage"}]}]}},"_links":{"self":[{"href":"https:\/\/petitescene.com\/it\/wp-json\/wp\/v2\/pages\/93"}],"collection":[{"href":"https:\/\/petitescene.com\/it\/wp-json\/wp\/v2\/pages"}],"about":[{"href":"https:\/\/petitescene.com\/it\/wp-json\/wp\/v2\/types\/page"}],"author":[{"embeddable":true,"href":"https:\/\/petitescene.com\/it\/wp-json\/wp\/v2\/users\/3"}],"replies":[{"embeddable":true,"href":"https:\/\/petitescene.com\/it\/wp-json\/wp\/v2\/comments?post=93"}],"version-history":[{"count":2,"href":"https:\/\/petitescene.com\/it\/wp-json\/wp\/v2\/pages\/93\/revisions"}],"predecessor-version":[{"id":4276,"href":"https:\/\/petitescene.com\/it\/wp-json\/wp\/v2\/pages\/93\/revisions\/4276"}],"wp:featuredmedia":[{"embeddable":true,"href":"https:\/\/petitescene.com\/it\/wp-json\/wp\/v2\/media\/4942"}],"wp:attachment":[{"href":"https:\/\/petitescene.com\/it\/wp-json\/wp\/v2\/media?parent=93"}],"curies":[{"name":"wp","href":"https:\/\/api.w.org\/{rel}","templated":true}]}}