{"id":3016,"date":"2017-12-17T16:06:15","date_gmt":"2017-12-17T22:06:15","guid":{"rendered":"http:\/\/www.petitescene.com\/?page_id=3016"},"modified":"2022-06-16T11:21:33","modified_gmt":"2022-06-16T17:21:33","slug":"about","status":"publish","type":"page","link":"https:\/\/petitescene.com\/it\/about\/","title":{"rendered":"Chi sono"},"content":{"rendered":"<p>[vc_row css=&#8221;.vc_custom_1541115591845{padding-right: 10px !important;padding-left: 10px !important;}&#8221;][vc_column width=&#8221;1\/4&#8243;][\/vc_column][vc_column width=&#8221;1\/2&#8243;][vc_column_text]<\/p>\n<h1 style=\"text-align: center;\"><strong>PETITE SC\u00c8NE<\/strong><\/h1>\n<h2 style=\"text-align: center;\"><span style=\"color: #808080;\">Non \u00e8 una classica casa di produzione video, \u00e8 un progetto che ti segue e ti aiuta nella <strong>tua comunicazione audiovisiva<\/strong>.<\/span><\/h2>\n<p>[\/vc_column_text][\/vc_column][vc_column width=&#8221;1\/4&#8243;][\/vc_column][\/vc_row][vc_row css=&#8221;.vc_custom_1541114697738{margin-top: -60px !important;margin-right: 45px !important;margin-left: 45px !important;}&#8221;][vc_column width=&#8221;1\/4&#8243;][vc_single_image image=&#8221;4872&#8243; img_size=&#8221;250X250&#8243; alignment=&#8221;center&#8221; style=&#8221;vc_box_shadow_circle&#8221; onclick=&#8221;link_image&#8221; css=&#8221;.vc_custom_1655393492815{margin-top: 50px !important;}&#8221;][\/vc_column][vc_column width=&#8221;1\/2&#8243;][vc_column_text]<\/p>\n<h4><strong>Chi sono:<\/strong><\/h4>\n<h5>Mi chiamo <strong>Simone Gavardi,\u00a0<\/strong>sono un<em> videomaker italiano<\/em>, e con <strong>PETITE SC\u00c8NE &#8211; VIDEO PRODUCTIONS<\/strong> aiuto brand commerciali e privati a costruire strutturalmente e creare visivamente le proprie <span style=\"text-decoration: underline;\">storie audiovisive<\/span>, orientate alla monetizzazione.<\/h5>\n<h5>Ho oltre 10 anni di esperienza nella ripresa e montaggio di video per il web e la televisione, in settori che vanno dall&#8217;ADV, al food, dai documentari, ai corporate e alla moda.<\/h5>\n<h5>Lavoro sia in modo indipendente che in team multiculturali, filmo con attrezzatura per riprese Blackmagic Design ed eseguo montaggi da remoto con software come DaVinci Resolve e la Suite Adobe.<\/h5>\n<h5>Parlo italiano, inglese e spagnolo e sono appassionato di viaggi esotici e culture straniere. Pratico clicloturismo con bike pannier, ho visitato al momento oltre 30 paesi.<\/h5>\n<p>[\/vc_column_text][\/vc_column][vc_column width=&#8221;1\/4&#8243;][\/vc_column][\/vc_row][vc_row][vc_column width=&#8221;1\/4&#8243; css=&#8221;.vc_custom_1541112690183{margin-top: -80px !important;}&#8221;][\/vc_column][vc_column width=&#8221;1\/2&#8243;][vc_column_text]<\/p>\n<blockquote>\n<h4 style=\"text-align: center;\"><span style=\"color: #808080;\">&#8220;Come <strong>videomaker <\/strong>costantemente in viaggio, ho potuto realizzare molti <strong>progetti originali<\/strong>.\u00a0<\/span><\/h4>\n<h4 style=\"text-align: center;\"><span style=\"color: #808080;\">Qui alcuni dei <strong>miei lavori.&#8221;<\/strong><\/span><\/h4>\n<\/blockquote>\n<p>[\/vc_column_text][\/vc_column][vc_column width=&#8221;1\/4&#8243;][\/vc_column][\/vc_row]<\/p>\n","protected":false},"excerpt":{"rendered":"<p>[vc_row css=&#8221;.vc_custom_1541115591845{padding-right: 10px !important;padding-left: 10px !important;}&#8221;][vc_column width=&#8221;1\/4&#8243;][\/vc_column][vc_column width=&#8221;1\/2&#8243;][vc_column_text] PETITE SC\u00c8NE Non \u00e8 una classica casa di produzione video, \u00e8 un progetto che ti segue e ti aiuta nella tua comunicazione audiovisiva. [\/vc_column_text][\/vc_column][vc_column width=&#8221;1\/4&#8243;][\/vc_column][\/vc_row][vc_row css=&#8221;.vc_custom_1541114697738{margin-top: -60px !important;margin-right: 45px !important;margin-left: 45px !important;}&#8221;][vc_column width=&#8221;1\/4&#8243;][vc_single_image image=&#8221;4872&#8243; img_size=&#8221;250X250&#8243; alignment=&#8221;center&#8221; style=&#8221;vc_box_shadow_circle&#8221; onclick=&#8221;link_image&#8221; css=&#8221;.vc_custom_1655393492815{margin-top: 50px !important;}&#8221;][\/vc_column][vc_column width=&#8221;1\/2&#8243;][vc_column_text] Chi sono: Mi chiamo Simone [&hellip;]<\/p>\n","protected":false},"author":3,"featured_media":0,"parent":0,"menu_order":0,"comment_status":"closed","ping_status":"closed","template":"","meta":{"_monsterinsights_skip_tracking":null,"_monsterinsights_sitenote_active":null,"_monsterinsights_sitenote_note":null,"_monsterinsights_sitenote_category":null},"yoast_head":"<!-- This site is optimized with the Yoast SEO plugin v19.1 - https:\/\/yoast.com\/wordpress\/plugins\/seo\/ -->\n<title>Chi sono - Petite Sc\u00e8ne<\/title>\n<meta name=\"robots\" content=\"index, follow, max-snippet:-1, max-image-preview:large, max-video-preview:-1\" \/>\n<link rel=\"canonical\" href=\"https:\/\/petitescene.com\/about\/\" \/>\n<meta property=\"og:locale\" content=\"it_IT\" \/>\n<meta property=\"og:type\" content=\"article\" \/>\n<meta property=\"og:title\" content=\"{:gb}About Me{:}{:it}Chi sono{:} - Petite Sc\u00e8ne\" \/>\n<meta property=\"og:description\" content=\"[vc_row css=&#8221;.vc_custom_1541115591845{padding-right: 10px !important;padding-left: 10px !important;}&#8221;][vc_column width=&#8221;1\/4&#8243;][\/vc_column][vc_column width=&#8221;1\/2&#8243;][vc_column_text] PETITE SC\u00c8NE Non \u00e8 una classica casa di produzione video, \u00e8 un progetto che ti segue e ti aiuta nella tua comunicazione audiovisiva. [\/vc_column_text][\/vc_column][vc_column width=&#8221;1\/4&#8243;][\/vc_column][\/vc_row][vc_row css=&#8221;.vc_custom_1541114697738{margin-top: -60px !important;margin-right: 45px !important;margin-left: 45px !important;}&#8221;][vc_column width=&#8221;1\/4&#8243;][vc_single_image image=&#8221;4872&#8243; img_size=&#8221;250X250&#8243; alignment=&#8221;center&#8221; style=&#8221;vc_box_shadow_circle&#8221; onclick=&#8221;link_image&#8221; css=&#8221;.vc_custom_1655393492815{margin-top: 50px !important;}&#8221;][\/vc_column][vc_column width=&#8221;1\/2&#8243;][vc_column_text] Chi sono: Mi chiamo Simone [&hellip;]\" \/>\n<meta property=\"og:url\" content=\"https:\/\/petitescene.com\/about\/\" \/>\n<meta property=\"og:site_name\" content=\"Petite Sc\u00e8ne\" \/>\n<meta property=\"article:modified_time\" content=\"2022-06-16T17:21:33+00:00\" \/>\n<meta name=\"twitter:card\" content=\"summary\" \/>\n<meta name=\"twitter:label1\" content=\"Tempo di lettura stimato\" \/>\n\t<meta name=\"twitter:data1\" content=\"3 minuti\" \/>\n<script type=\"application\/ld+json\" class=\"yoast-schema-graph\">{\"@context\":\"https:\/\/schema.org\",\"@graph\":[{\"@type\":\"WebSite\",\"@id\":\"https:\/\/petitescene.com\/#website\",\"url\":\"https:\/\/petitescene.com\/\",\"name\":\"Petite Sc\u00e8ne\",\"description\":\"Produzioni video\",\"potentialAction\":[{\"@type\":\"SearchAction\",\"target\":{\"@type\":\"EntryPoint\",\"urlTemplate\":\"https:\/\/petitescene.com\/?s={search_term_string}\"},\"query-input\":\"required name=search_term_string\"}],\"inLanguage\":\"it-IT\"},{\"@type\":\"WebPage\",\"@id\":\"https:\/\/petitescene.com\/about\/#webpage\",\"url\":\"https:\/\/petitescene.com\/about\/\",\"name\":\"{:gb}About Me{:}{:it}Chi sono{:} - Petite Sc\u00e8ne\",\"isPartOf\":{\"@id\":\"https:\/\/petitescene.com\/#website\"},\"datePublished\":\"2017-12-17T22:06:15+00:00\",\"dateModified\":\"2022-06-16T17:21:33+00:00\",\"breadcrumb\":{\"@id\":\"https:\/\/petitescene.com\/about\/#breadcrumb\"},\"inLanguage\":\"it-IT\",\"potentialAction\":[{\"@type\":\"ReadAction\",\"target\":[\"https:\/\/petitescene.com\/about\/\"]}]},{\"@type\":\"BreadcrumbList\",\"@id\":\"https:\/\/petitescene.com\/about\/#breadcrumb\",\"itemListElement\":[{\"@type\":\"ListItem\",\"position\":1,\"name\":\"Home\",\"item\":\"https:\/\/petitescene.com\/\"},{\"@type\":\"ListItem\",\"position\":2,\"name\":\"About Me\"}]}]}<\/script>\n<!-- \/ Yoast SEO plugin. -->","yoast_head_json":{"title":"Chi sono - Petite Sc\u00e8ne","robots":{"index":"index","follow":"follow","max-snippet":"max-snippet:-1","max-image-preview":"max-image-preview:large","max-video-preview":"max-video-preview:-1"},"canonical":"https:\/\/petitescene.com\/about\/","og_locale":"it_IT","og_type":"article","og_title":"{:gb}About Me{:}{:it}Chi sono{:} - Petite Sc\u00e8ne","og_description":"[vc_row css=&#8221;.vc_custom_1541115591845{padding-right: 10px !important;padding-left: 10px !important;}&#8221;][vc_column width=&#8221;1\/4&#8243;][\/vc_column][vc_column width=&#8221;1\/2&#8243;][vc_column_text] PETITE SC\u00c8NE Non \u00e8 una classica casa di produzione video, \u00e8 un progetto che ti segue e ti aiuta nella tua comunicazione audiovisiva. [\/vc_column_text][\/vc_column][vc_column width=&#8221;1\/4&#8243;][\/vc_column][\/vc_row][vc_row css=&#8221;.vc_custom_1541114697738{margin-top: -60px !important;margin-right: 45px !important;margin-left: 45px !important;}&#8221;][vc_column width=&#8221;1\/4&#8243;][vc_single_image image=&#8221;4872&#8243; img_size=&#8221;250X250&#8243; alignment=&#8221;center&#8221; style=&#8221;vc_box_shadow_circle&#8221; onclick=&#8221;link_image&#8221; css=&#8221;.vc_custom_1655393492815{margin-top: 50px !important;}&#8221;][\/vc_column][vc_column width=&#8221;1\/2&#8243;][vc_column_text] Chi sono: Mi chiamo Simone [&hellip;]","og_url":"https:\/\/petitescene.com\/about\/","og_site_name":"Petite Sc\u00e8ne","article_modified_time":"2022-06-16T17:21:33+00:00","twitter_card":"summary","twitter_misc":{"Tempo di lettura stimato":"3 minuti"},"schema":{"@context":"https:\/\/schema.org","@graph":[{"@type":"WebSite","@id":"https:\/\/petitescene.com\/#website","url":"https:\/\/petitescene.com\/","name":"Petite Sc\u00e8ne","description":"Produzioni video","potentialAction":[{"@type":"SearchAction","target":{"@type":"EntryPoint","urlTemplate":"https:\/\/petitescene.com\/?s={search_term_string}"},"query-input":"required name=search_term_string"}],"inLanguage":"it-IT"},{"@type":"WebPage","@id":"https:\/\/petitescene.com\/about\/#webpage","url":"https:\/\/petitescene.com\/about\/","name":"{:gb}About Me{:}{:it}Chi sono{:} - Petite Sc\u00e8ne","isPartOf":{"@id":"https:\/\/petitescene.com\/#website"},"datePublished":"2017-12-17T22:06:15+00:00","dateModified":"2022-06-16T17:21:33+00:00","breadcrumb":{"@id":"https:\/\/petitescene.com\/about\/#breadcrumb"},"inLanguage":"it-IT","potentialAction":[{"@type":"ReadAction","target":["https:\/\/petitescene.com\/about\/"]}]},{"@type":"BreadcrumbList","@id":"https:\/\/petitescene.com\/about\/#breadcrumb","itemListElement":[{"@type":"ListItem","position":1,"name":"Home","item":"https:\/\/petitescene.com\/"},{"@type":"ListItem","position":2,"name":"About Me"}]}]}},"_links":{"self":[{"href":"https:\/\/petitescene.com\/it\/wp-json\/wp\/v2\/pages\/3016"}],"collection":[{"href":"https:\/\/petitescene.com\/it\/wp-json\/wp\/v2\/pages"}],"about":[{"href":"https:\/\/petitescene.com\/it\/wp-json\/wp\/v2\/types\/page"}],"author":[{"embeddable":true,"href":"https:\/\/petitescene.com\/it\/wp-json\/wp\/v2\/users\/3"}],"replies":[{"embeddable":true,"href":"https:\/\/petitescene.com\/it\/wp-json\/wp\/v2\/comments?post=3016"}],"version-history":[{"count":367,"href":"https:\/\/petitescene.com\/it\/wp-json\/wp\/v2\/pages\/3016\/revisions"}],"predecessor-version":[{"id":4937,"href":"https:\/\/petitescene.com\/it\/wp-json\/wp\/v2\/pages\/3016\/revisions\/4937"}],"wp:attachment":[{"href":"https:\/\/petitescene.com\/it\/wp-json\/wp\/v2\/media?parent=3016"}],"curies":[{"name":"wp","href":"https:\/\/api.w.org\/{rel}","templated":true}]}}